{"id":856,"date":"2025-07-02T23:19:42","date_gmt":"2025-07-02T23:19:42","guid":{"rendered":"https:\/\/mgassurancegroup.com\/about\/"},"modified":"2025-07-30T23:18:43","modified_gmt":"2025-07-30T23:18:43","slug":"about","status":"publish","type":"page","link":"https:\/\/mgassurancegroup.com\/en\/about\/","title":{"rendered":"About Us"},"content":{"rendered":"<div class=\"wp-block-uagb-container uagb-block-ea8750ae alignfull uagb-is-root-container\"><div class=\"uagb-container-inner-blocks-wrap\">\n<div class=\"wp-block-uagb-advanced-heading uagb-block-5d0596af\"><h1 class=\"uagb-heading-text\">About Us<\/h1><\/div>\n<\/div><\/div>\n\n\n\n<div class=\"wp-block-uagb-container uagb-layout-grid uagb-block-32e874b4 alignfull uagb-is-root-container\"><div class=\"uagb-container-inner-blocks-wrap\">\n<div class=\"wp-block-uagb-info-box uagb-block-fbae65f3 uagb-infobox__content-wrap  uagb-infobox-icon-above-title uagb-infobox-image-valign-top\"><div class=\"uagb-ifb-content\"><div class=\"uagb-ifb-title-wrap\"><h5 class=\"uagb-ifb-title-prefix\">Because the important thing is to find a lasting solution.<\/h5><h2 class=\"uagb-ifb-title\">Real Answers for Real Needs<\/h2><\/div><\/div><\/div>\n\n\n\n<div class=\"wp-block-uagb-info-box uagb-block-54f3395c uagb-infobox__content-wrap  uagb-infobox-icon-above-title uagb-infobox-image-valign-top\"><div class=\"uagb-ifb-content\"><div class=\"uagb-ifb-title-wrap\"><h3 class=\"uagb-ifb-title\">More than two decades offering reliable solutions, based on what people and companies really need.<\/h3><\/div><p class=\"uagb-ifb-desc\">The numbers speak for themselves<\/p><\/div><\/div>\n<\/div><\/div>\n\n\n\n<div class=\"wp-block-uagb-container uagb-block-6be40f00 alignfull uagb-is-root-container\"><div class=\"uagb-container-inner-blocks-wrap\">\n<div class=\"wp-block-uagb-container uagb-layout-grid uagb-block-f4b0440c\">\n<div class=\"wp-block-uagb-info-box uagb-block-e7c5835b uagb-infobox__content-wrap  uagb-infobox-icon-above-title uagb-infobox-image-valign-top\"><div class=\"uagb-ifb-content\"><div class=\"uagb-ifb-title-wrap\"><h5 class=\"uagb-ifb-title-prefix\">Interesting Facts<\/h5><h2 class=\"uagb-ifb-title\">The numbers speak for themselves<\/h2><\/div><\/div><\/div>\n\n\n\n<div class=\"wp-block-uagb-counter uagb-block-24a0b4ad wp-block-uagb-counter--number\"><div class=\"wp-block-uagb-counter__number\"><span class=\"uagb-counter-block-number\" data-duration=\"2\" data-to-value=\"150\" data-from-value=\"0\" data-delimiter=\",\"><\/span><\/div><div class=\"wp-block-uagb-counter__title\">Insurance policy<\/div><\/div>\n\n\n\n<div class=\"wp-block-uagb-counter uagb-block-14824e59 wp-block-uagb-counter--number\"><div class=\"wp-block-uagb-counter__number\"><span class=\"uagb-counter-block-number\" data-duration=\"2\" data-to-value=\"15\" data-from-value=\"0\" data-delimiter=\",\"><\/span><\/div><div class=\"wp-block-uagb-counter__title\">Years of Experience<\/div><\/div>\n<\/div>\n\n\n\n<div class=\"wp-block-uagb-advanced-heading uagb-block-8e598847\"><h3 class=\"uagb-heading-text\"><strong>Protection is our priority. <br><br>We review every detail to offer policies that truly protect your assets, focusing 100% on the safety and satisfaction of our customers.<\/strong><\/h3><\/div>\n\n\n\n<div class=\"wp-block-uagb-container uagb-layout-grid uagb-block-2b8639e4\">\n<div class=\"wp-block-uagb-advanced-heading uagb-block-dda0e0fa\"><h4 class=\"uagb-heading-text\"><br><br><br><br>Innovative Solutions<\/h4><p class=\"uagb-desc-text\">We constantly strive to offer insurance with modern and flexible coverages that adapt to the changing needs of our customers. We innovate to better protect you today and in the future.<\/p><\/div>\n\n\n\n<div class=\"wp-block-uagb-advanced-heading uagb-block-b946363e\"><h4 class=\"uagb-heading-text\"><br><br><br><br>First Level Protection<\/h4><p class=\"uagb-desc-text\">At MG Assurance Group we are committed to offering you insurance that goes beyond the basics. Each policy is carefully designed to provide comprehensive coverage tailored to your needs, whether it's for your business, your home, your vehicle or your fleet of trucks. Our focus is on ensuring that you are protected against any eventuality, with solid backing and personalized service that gives you peace of mind at all times. Because for us, your safety and satisfaction are the most important thing.<\/p><\/div>\n\n\n\n<div class=\"wp-block-uagb-advanced-heading uagb-block-21f13684\"><h3 class=\"uagb-heading-text\"><br><br>We are the reliable partner to offer you the perfect solution to all your needs.<\/h3><\/div>\n<\/div>\n<\/div><\/div>\n\n\n\n<div class=\"wp-block-uagb-container uagb-layout-flex uagb-block-af5df69f alignfull uagb-is-root-container\"><div class=\"uagb-container-inner-blocks-wrap\">\n<div class=\"wp-block-uagb-call-to-action uagb-block-d83192c0 wp-block-button\"><div class=\"uagb-cta__wrap\"><h3 class=\"uagb-cta__title\">Need help getting an insurance policy? We are the experts<\/h3><p class=\"uagb-cta__desc\">Click here to change this text. Lorem ipsum dolor sit amet, consectetur adipiscing elit. Ut elit tellus, luctus nec ullamcorper mattis, pulvinar dapibus leo.<\/p><\/div><div class=\"uagb-cta__buttons\"><a href=\"https:\/\/wa.me\/19546483262?text=Hello%2C%20I%20came%20from%20the%20website%20and%20would%20like%20to%20speak%20with%20someone%20from%20MG%20Assurance%20Group%20%F0%9F%A4%9D\" class=\"uagb-cta__button-link-wrapper wp-block-button__link\" target=\"_self\" rel=\"noopener noreferrer\">TALK TO AN EXPERT<\/a><\/div><\/div>\n<\/div><\/div>\n\n\n\n<p><\/p>","protected":false},"excerpt":{"rendered":"<p>Sobre Nosotros La protecci\u00f3n es nuestra prioridad. Revisamos cada detalle para ofrecer p\u00f3lizas que realmente resguarden tu patrimonio, enfoc\u00e1ndonos al 100% en la seguridad y satisfacci\u00f3n de nuestros clientes. Soluciones Innovadoras Nos esforzamos constantemente por ofrecer seguros con coberturas modernas y flexibles que se adaptan a las necesidades cambiantes de nuestros clientes. Innovamos para protegerte [&hellip;]<\/p>","protected":false},"author":1,"featured_media":0,"parent":0,"menu_order":0,"comment_status":"closed","ping_status":"closed","template":"","meta":{"_uag_custom_page_level_css":"","site-sidebar-layout":"no-sidebar","site-content-layout":"plain-container","ast-site-content-layout":"normal-width-container","site-content-style":"unboxed","site-sidebar-style":"unboxed","ast-global-header-display":"","ast-banner-title-visibility":"","ast-main-header-display":"","ast-hfb-above-header-display":"","ast-hfb-below-header-display":"","ast-hfb-mobile-header-display":"","site-post-title":"disabled","ast-breadcrumbs-content":"","ast-featured-img":"disabled","footer-sml-layout":"","theme-transparent-header-meta":"enabled","adv-header-id-meta":"","stick-header-meta":"","header-above-stick-meta":"","header-main-stick-meta":"","header-below-stick-meta":"","astra-migrate-meta-layouts":"set","ast-page-background-enabled":"default","ast-page-background-meta":{"desktop":{"background-color":"","background-image":"","background-repeat":"repeat","background-position":"center center","background-size":"auto","background-attachment":"scroll","background-type":"","background-media":"","overlay-type":"","overlay-color":"","overlay-opacity":"","overlay-gradient":""},"tablet":{"background-color":"","background-image":"","background-repeat":"repeat","background-position":"center center","background-size":"auto","background-attachment":"scroll","background-type":"","background-media":"","overlay-type":"","overlay-color":"","overlay-opacity":"","overlay-gradient":""},"mobile":{"background-color":"","background-image":"","background-repeat":"repeat","background-position":"center center","background-size":"auto","background-attachment":"scroll","background-type":"","background-media":"","overlay-type":"","overlay-color":"","overlay-opacity":"","overlay-gradient":""}},"ast-content-background-meta":{"desktop":{"background-color":"var(--ast-global-color-5)","background-image":"","background-repeat":"repeat","background-position":"center center","background-size":"auto","background-attachment":"scroll","background-type":"","background-media":"","overlay-type":"","overlay-color":"","overlay-opacity":"","overlay-gradient":""},"tablet":{"background-color":"var(--ast-global-color-5)","background-image":"","background-repeat":"repeat","background-position":"center center","background-size":"auto","background-attachment":"scroll","background-type":"","background-media":"","overlay-type":"","overlay-color":"","overlay-opacity":"","overlay-gradient":""},"mobile":{"background-color":"var(--ast-global-color-5)","background-image":"","background-repeat":"repeat","background-position":"center center","background-size":"auto","background-attachment":"scroll","background-type":"","background-media":"","overlay-type":"","overlay-color":"","overlay-opacity":"","overlay-gradient":""}},"footnotes":""},"class_list":["post-856","page","type-page","status-publish","hentry"],"uagb_featured_image_src":{"full":false,"thumbnail":false,"medium":false,"medium_large":false,"large":false,"1536x1536":false,"2048x2048":false,"trp-custom-language-flag":false},"uagb_author_info":{"display_name":"yan_garcia","author_link":"https:\/\/mgassurancegroup.com\/en\/author\/yan_garcia\/"},"uagb_comment_info":0,"uagb_excerpt":"Sobre Nosotros La protecci\u00f3n es nuestra prioridad. Revisamos cada detalle para ofrecer p\u00f3lizas que realmente resguarden tu patrimonio, enfoc\u00e1ndonos al 100% en la seguridad y satisfacci\u00f3n de nuestros clientes. Soluciones Innovadoras Nos esforzamos constantemente por ofrecer seguros con coberturas modernas y flexibles que se adaptan a las necesidades cambiantes de nuestros clientes. Innovamos para protegerte&hellip;","_links":{"self":[{"href":"https:\/\/mgassurancegroup.com\/en\/wp-json\/wp\/v2\/pages\/856","targetHints":{"allow":["GET"]}}],"collection":[{"href":"https:\/\/mgassurancegroup.com\/en\/wp-json\/wp\/v2\/pages"}],"about":[{"href":"https:\/\/mgassurancegroup.com\/en\/wp-json\/wp\/v2\/types\/page"}],"author":[{"embeddable":true,"href":"https:\/\/mgassurancegroup.com\/en\/wp-json\/wp\/v2\/users\/1"}],"replies":[{"embeddable":true,"href":"https:\/\/mgassurancegroup.com\/en\/wp-json\/wp\/v2\/comments?post=856"}],"version-history":[{"count":31,"href":"https:\/\/mgassurancegroup.com\/en\/wp-json\/wp\/v2\/pages\/856\/revisions"}],"predecessor-version":[{"id":1432,"href":"https:\/\/mgassurancegroup.com\/en\/wp-json\/wp\/v2\/pages\/856\/revisions\/1432"}],"wp:attachment":[{"href":"https:\/\/mgassurancegroup.com\/en\/wp-json\/wp\/v2\/media?parent=856"}],"curies":[{"name":"wp","href":"https:\/\/api.w.org\/{rel}","templated":true}]}}